{"id":28961,"date":"2025-09-30T10:43:58","date_gmt":"2025-09-30T10:43:58","guid":{"rendered":"https:\/\/www.hunimed.eu\/?page_id=28961"},"modified":"2025-10-13T15:43:21","modified_gmt":"2025-10-13T15:43:21","slug":"politiche-qualita","status":"publish","type":"page","link":"https:\/\/www.hunimed.eu\/it\/qualita\/politiche-qualita\/","title":{"rendered":"Politiche per la Qualit\u00e0"},"content":{"rendered":"<style>.kadence-column28961_df34ae-57 > .kt-inside-inner-col{padding-bottom:32px;}.kadence-column28961_df34ae-57 > .kt-inside-inner-col,.kadence-column28961_df34ae-57 > .kt-inside-inner-col:before{border-top-left-radius:0px;border-top-right-radius:0px;border-bottom-right-radius:0px;border-bottom-left-radius:0px;}.kadence-column28961_df34ae-57 > .kt-inside-inner-col{column-gap:var(--global-kb-gap-sm, 1rem);}.kadence-column28961_df34ae-57 > .kt-inside-inner-col{flex-direction:column;}.kadence-column28961_df34ae-57 > .kt-inside-inner-col > .aligncenter{width:100%;}.kadence-column28961_df34ae-57 > .kt-inside-inner-col:before{opacity:0.3;}.kadence-column28961_df34ae-57{position:relative;}@media all and (max-width: 1024px){.kadence-column28961_df34ae-57 > .kt-inside-inner-col{flex-direction:column;justify-content:center;}}@media all and (max-width: 767px){.kadence-column28961_df34ae-57 > .kt-inside-inner-col{flex-direction:column;justify-content:center;}}<\/style>\n<div class=\"wp-block-kadence-column kadence-column28961_df34ae-57\"><div class=\"kt-inside-inner-col\"><style>.kb-row-layout-id28961_17fc92-14 > .kt-row-column-wrap{align-content:end;}:where(.kb-row-layout-id28961_17fc92-14 > .kt-row-column-wrap) > .wp-block-kadence-column{justify-content:end;}.kb-row-layout-id28961_17fc92-14 > .kt-row-column-wrap{column-gap:var(--global-kb-gap-md, 2rem);row-gap:var(--global-kb-gap-md, 2rem);padding-top:var(--global-kb-spacing-sm, 1.5rem);padding-bottom:var(--global-kb-spacing-sm, 1.5rem);min-height:400px;grid-template-columns:minmax(0, 1fr);}.kb-row-layout-id28961_17fc92-14{background-image:url('https:\/\/www.hunimed.eu\/wp-content\/uploads\/2025\/10\/Politiche-Qualita.jpg');background-size:cover;background-position:64% 46%;background-attachment:scroll;background-repeat:no-repeat;}.kb-row-layout-id28961_17fc92-14 > .kt-row-layout-overlay{opacity:1;background:linear-gradient(180deg,rgba(255,255,255,0) 40%,rgb(255,255,255) 100%);}@media all and (max-width: 1024px){.kb-row-layout-id28961_17fc92-14 > .kt-row-column-wrap{grid-template-columns:minmax(0, 1fr);}}@media all and (max-width: 767px){.kb-row-layout-id28961_17fc92-14 > .kt-row-column-wrap{min-height:380px;grid-template-columns:minmax(0, 1fr);}}<\/style><div class=\"kb-row-layout-wrap kb-row-layout-id28961_17fc92-14 alignfull kt-row-has-bg wp-block-kadence-rowlayout\"><div class=\"kt-row-layout-overlay kt-row-overlay-gradient\"><\/div><div class=\"kt-row-column-wrap kt-has-1-columns kt-row-layout-equal kt-tab-layout-inherit kt-mobile-layout-row kt-row-valign-bottom\">\n<style>.kadence-column28961_c7ad2b-a1 > .kt-inside-inner-col{display:flex;}.kadence-column28961_c7ad2b-a1 > .kt-inside-inner-col,.kadence-column28961_c7ad2b-a1 > .kt-inside-inner-col:before{border-top-left-radius:0px;border-top-right-radius:0px;border-bottom-right-radius:0px;border-bottom-left-radius:0px;}.kadence-column28961_c7ad2b-a1 > .kt-inside-inner-col{column-gap:var(--global-kb-gap-sm, 1rem);}.kadence-column28961_c7ad2b-a1 > .kt-inside-inner-col{flex-direction:column;justify-content:flex-start;}.kadence-column28961_c7ad2b-a1 > .kt-inside-inner-col > .aligncenter{width:100%;}.kt-row-column-wrap > .kadence-column28961_c7ad2b-a1{align-self:flex-start;}.kt-inner-column-height-full:not(.kt-has-1-columns) > .wp-block-kadence-column.kadence-column28961_c7ad2b-a1{align-self:auto;}.kt-inner-column-height-full:not(.kt-has-1-columns) > .wp-block-kadence-column.kadence-column28961_c7ad2b-a1 > .kt-inside-inner-col{flex-direction:column;justify-content:flex-start;}.kadence-column28961_c7ad2b-a1 > .kt-inside-inner-col:before{opacity:0.3;}.kadence-column28961_c7ad2b-a1{position:relative;}@media all and (max-width: 1024px){.kt-row-column-wrap > .kadence-column28961_c7ad2b-a1{align-self:flex-start;}}@media all and (max-width: 1024px){.kt-inner-column-height-full:not(.kt-has-1-columns) > .wp-block-kadence-column.kadence-column28961_c7ad2b-a1{align-self:auto;}}@media all and (max-width: 1024px){.kt-inner-column-height-full:not(.kt-has-1-columns) > .wp-block-kadence-column.kadence-column28961_c7ad2b-a1 > .kt-inside-inner-col{flex-direction:column;justify-content:flex-start;}}@media all and (max-width: 1024px){.kadence-column28961_c7ad2b-a1 > .kt-inside-inner-col{flex-direction:column;justify-content:flex-start;}}@media all and (max-width: 767px){.kt-row-column-wrap > .kadence-column28961_c7ad2b-a1{align-self:flex-start;}.kt-inner-column-height-full:not(.kt-has-1-columns) > .wp-block-kadence-column.kadence-column28961_c7ad2b-a1{align-self:auto;}.kt-inner-column-height-full:not(.kt-has-1-columns) > .wp-block-kadence-column.kadence-column28961_c7ad2b-a1 > .kt-inside-inner-col{flex-direction:column;justify-content:flex-start;}.kadence-column28961_c7ad2b-a1 > .kt-inside-inner-col{flex-direction:column;justify-content:flex-start;}}<\/style>\n<div class=\"wp-block-kadence-column kadence-column28961_c7ad2b-a1\"><div class=\"kt-inside-inner-col\"><\/div><\/div>\n\n<\/div><\/div>\n\n<style>.kb-row-layout-wrap.wp-block-kadence-rowlayout.kb-row-layout-id28961_30293b-0a{margin-top:-32px;margin-bottom:60px;}.kb-row-layout-id28961_30293b-0a > .kt-row-column-wrap{align-content:start;}:where(.kb-row-layout-id28961_30293b-0a > .kt-row-column-wrap) > .wp-block-kadence-column{justify-content:start;}.kb-row-layout-id28961_30293b-0a > .kt-row-column-wrap{column-gap:var(--global-kb-gap-md, 2rem);row-gap:var(--global-kb-gap-md, 2rem);grid-template-columns:minmax(0, 1fr);}.kb-row-layout-id28961_30293b-0a > .kt-row-layout-overlay{opacity:0.30;}@media all and (max-width: 1024px){.kb-row-layout-id28961_30293b-0a > .kt-row-column-wrap{grid-template-columns:minmax(0, 1fr);}}@media all and (max-width: 767px){.kb-row-layout-wrap.wp-block-kadence-rowlayout.kb-row-layout-id28961_30293b-0a{margin-bottom:var(--global-kb-spacing-md, 2rem);}.kb-row-layout-id28961_30293b-0a > .kt-row-column-wrap{grid-template-columns:minmax(0, 1fr);}}<\/style><div class=\"kb-row-layout-wrap kb-row-layout-id28961_30293b-0a alignnone wp-block-kadence-rowlayout\"><div class=\"kt-row-column-wrap kt-has-1-columns kt-row-layout-equal kt-tab-layout-inherit kt-mobile-layout-row kt-row-valign-top\">\n<style>.kadence-column28961_72b9d2-02 > .kt-inside-inner-col,.kadence-column28961_72b9d2-02 > .kt-inside-inner-col:before{border-top-left-radius:0px;border-top-right-radius:0px;border-bottom-right-radius:0px;border-bottom-left-radius:0px;}.kadence-column28961_72b9d2-02 > .kt-inside-inner-col{column-gap:var(--global-kb-gap-sm, 1rem);}.kadence-column28961_72b9d2-02 > .kt-inside-inner-col{flex-direction:column;}.kadence-column28961_72b9d2-02 > .kt-inside-inner-col > .aligncenter{width:100%;}.kadence-column28961_72b9d2-02 > .kt-inside-inner-col:before{opacity:0.3;}.kadence-column28961_72b9d2-02{position:relative;}@media all and (max-width: 1024px){.kadence-column28961_72b9d2-02 > .kt-inside-inner-col{flex-direction:column;justify-content:center;}}@media all and (max-width: 767px){.kadence-column28961_72b9d2-02 > .kt-inside-inner-col{flex-direction:column;justify-content:center;}}<\/style>\n<div class=\"wp-block-kadence-column kadence-column28961_72b9d2-02\"><div class=\"kt-inside-inner-col\"><style>.wp-block-kadence-advancedheading.kt-adv-heading28961_6b9fac-56, .wp-block-kadence-advancedheading.kt-adv-heading28961_6b9fac-56[data-kb-block=\"kb-adv-heading28961_6b9fac-56\"]{margin-bottom:0px;font-style:normal;}.wp-block-kadence-advancedheading.kt-adv-heading28961_6b9fac-56 mark.kt-highlight, .wp-block-kadence-advancedheading.kt-adv-heading28961_6b9fac-56[data-kb-block=\"kb-adv-heading28961_6b9fac-56\"] mark.kt-highlight{font-style:normal;background-image:linear-gradient(90deg,rgb(0,121,83) 0%,rgb(0,223,153) 84%);-webkit-background-clip:text;background-clip:text;-webkit-text-fill-color:transparent;-webkit-box-decoration-break:clone;box-decoration-break:clone;padding-top:0px;padding-right:0px;padding-bottom:0px;padding-left:0px;}.wp-block-kadence-advancedheading.kt-adv-heading28961_6b9fac-56 img.kb-inline-image, .wp-block-kadence-advancedheading.kt-adv-heading28961_6b9fac-56[data-kb-block=\"kb-adv-heading28961_6b9fac-56\"] img.kb-inline-image{width:150px;vertical-align:baseline;}@media all and (max-width: 767px){.wp-block-kadence-advancedheading.kt-adv-heading28961_6b9fac-56, .wp-block-kadence-advancedheading.kt-adv-heading28961_6b9fac-56[data-kb-block=\"kb-adv-heading28961_6b9fac-56\"]{font-size:var(--global-kb-font-size-lg, 2rem);}}<\/style>\n<h1 class=\"kt-adv-heading28961_6b9fac-56 wp-block-kadence-advancedheading has-black-color has-text-color\" data-kb-block=\"kb-adv-heading28961_6b9fac-56\">Politiche per la <mark true=\"true\" class=\"kt-highlight\">Qualit\u00e0<\/mark><\/h1>\n<\/div><\/div>\n\n<\/div><\/div>\n\n<style>.kb-row-layout-wrap.wp-block-kadence-rowlayout.kb-row-layout-id28961_f183e5-7a{margin-top:0px;margin-bottom:60px;}.kb-row-layout-id28961_f183e5-7a > .kt-row-column-wrap{align-content:start;}:where(.kb-row-layout-id28961_f183e5-7a > .kt-row-column-wrap) > .wp-block-kadence-column{justify-content:start;}.kb-row-layout-id28961_f183e5-7a > .kt-row-column-wrap{column-gap:var(--global-kb-gap-md, 2rem);row-gap:var(--global-kb-gap-md, 2rem);grid-template-columns:minmax(0, 1fr);}.kb-row-layout-id28961_f183e5-7a > .kt-row-layout-overlay{opacity:0.30;}@media all and (max-width: 1024px){.kb-row-layout-id28961_f183e5-7a > .kt-row-column-wrap{grid-template-columns:minmax(0, 1fr);}}@media all and (max-width: 767px){.kb-row-layout-id28961_f183e5-7a > .kt-row-column-wrap{grid-template-columns:minmax(0, 1fr);}}<\/style><div class=\"kb-row-layout-wrap kb-row-layout-id28961_f183e5-7a alignnone wp-block-kadence-rowlayout\"><div class=\"kt-row-column-wrap kt-has-1-columns kt-row-layout-equal kt-tab-layout-inherit kt-mobile-layout-row kt-row-valign-top\">\n<style>.kadence-column28961_5cbf59-32 > .kt-inside-inner-col{padding-right:var(--global-kb-spacing-lg, 3rem);padding-left:var(--global-kb-spacing-lg, 3rem);}.kadence-column28961_5cbf59-32 > .kt-inside-inner-col,.kadence-column28961_5cbf59-32 > .kt-inside-inner-col:before{border-top-left-radius:0px;border-top-right-radius:0px;border-bottom-right-radius:0px;border-bottom-left-radius:0px;}.kadence-column28961_5cbf59-32 > .kt-inside-inner-col{column-gap:var(--global-kb-gap-sm, 1rem);}.kadence-column28961_5cbf59-32 > .kt-inside-inner-col{flex-direction:column;}.kadence-column28961_5cbf59-32 > .kt-inside-inner-col > .aligncenter{width:100%;}.kadence-column28961_5cbf59-32 > .kt-inside-inner-col:before{opacity:0.3;}.kadence-column28961_5cbf59-32{position:relative;}@media all and (max-width: 1024px){.kadence-column28961_5cbf59-32 > .kt-inside-inner-col{flex-direction:column;justify-content:center;}}@media all and (max-width: 767px){.kadence-column28961_5cbf59-32 > .kt-inside-inner-col{padding-right:0px;padding-left:0px;flex-direction:column;justify-content:center;}}<\/style>\n<div class=\"wp-block-kadence-column kadence-column28961_5cbf59-32\"><div class=\"kt-inside-inner-col\">\n<p class=\"has-text-align-left clear-margin has-grey-dark-color has-text-color has-link-color has-m-font-size wp-elements-a10e0fb9845d827d594b089e15a55b8f\">Humanitas University adotta un sistema di Assicurazione della Qualit\u00e0 (AQ) orientato al miglioramento continuo, alla valorizzazione delle potenzialit\u00e0 e alla gestione delle criticit\u00e0, che garantisce buone pratiche di pianificazione, attuazione, monitoraggio e riesame delle attivit\u00e0 formative, di Ricerca e di Terza Missione.<\/p>\n\n\n\n<p><\/p>\n\n\n\n<p class=\"has-text-align-left clear-margin has-grey-dark-color has-text-color has-link-color has-m-font-size wp-elements-6d8681ed3c27626d918e8d10e7598473\">Le politiche di AQ definiscono obiettivi, azioni di miglioramento, attori coinvolti e relative responsabilit\u00e0 all\u2019interno del sistema di qualit\u00e0 di Ateneo. Il Presidio di Qualit\u00e0, in collaborazione con i vertici istituzionali e in coerenza con il piano strategico, contribuisce alla definizione delle politiche di AQ, propone indicatori di monitoraggio e ne assicura la diffusione tra tutti i soggetti coinvolti.<\/p>\n<\/div><\/div>\n\n<\/div><\/div>\n\n<style>.wp-block-kadence-spacer.kt-block-spacer-28961_a8fd5c-7a .kt-block-spacer{height:6px;}.wp-block-kadence-spacer.kt-block-spacer-28961_a8fd5c-7a .kt-divider{border-top-width:1px;height:1px;border-top-color:#D3D3D6;width:50%;border-top-style:solid;}<\/style>\n<div class=\"wp-block-kadence-spacer aligncenter kt-block-spacer-28961_a8fd5c-7a\"><div class=\"kt-block-spacer kt-block-spacer-halign-center\"><hr class=\"kt-divider\"\/><\/div><\/div>\n<\/div><\/div>\n\n\n\n<div class=\"wp-block-group\"><div class=\"wp-block-group__inner-container is-layout-constrained wp-block-group-is-layout-constrained\">\n<div class=\"wp-block-group\"><div class=\"wp-block-group__inner-container is-layout-constrained wp-block-group-is-layout-constrained\">\n<h3 class=\"wp-block-heading\"><strong>Processo di Assicurazione della Qualit\u00e0 della Didattica<\/strong><\/h3>\n\n\n\n<p>Il processo di AQ nella didattica riguarda:<\/p>\n\n\n\n<ul class=\"wp-block-list\">\n<li class=\"has-grey-dark-color has-text-color has-link-color wp-elements-b5c1d05f200e6ccc585e2053a96a84a2\"><strong>Pianificazione e progettazione<\/strong> dei Corsi di Studio, compresi quelli di nuova istituzione e le modifiche di ordinamento;<\/li>\n\n\n\n<li class=\"has-grey-dark-color has-text-color has-link-color wp-elements-8fcbd21cc969ed015f9a88890d8d081f\"><strong>Erogazione della didattica<\/strong>, con organizzazione di lezioni, gestione degli spazi e delle prove di verifica, oltre ai servizi agli studenti (orientamento, mobilit\u00e0 internazionale, diritto allo studio, ecc.);<\/li>\n\n\n\n<li class=\"has-grey-dark-color has-text-color has-link-color wp-elements-0d50b4b5d8c31a843cf5f2dbcfba58f9\"><strong>Monitoraggio e valutazione<\/strong> delle attivit\u00e0, tramite raccolta e analisi di dati, verifica del raggiungimento degli obiettivi formativi e controllo dell\u2019efficacia dei processi;<\/li>\n<\/ul>\n\n\n\n<p class=\"has-grey-dark-color has-text-color has-link-color wp-elements-3b927f0c71256613439bc0adb53e68d3\"><strong>Azioni di miglioramento<\/strong>, finalizzate a garantire coerenza tra risultati ottenuti e obiettivi del Corso di Studio, anche sulla base dei contributi della CPDS e del Consiglio degli Studenti.<\/p>\n<\/div><\/div>\n<\/div><\/div>\n\n\n<style>.wp-block-kadence-spacer.kt-block-spacer-28961_a8ac69-1f .kt-block-spacer{height:60px;}.wp-block-kadence-spacer.kt-block-spacer-28961_a8ac69-1f .kt-divider{border-top-width:1px;height:1px;border-top-color:#eee;width:80%;border-top-style:solid;}<\/style>\n<div class=\"wp-block-kadence-spacer aligncenter kt-block-spacer-28961_a8ac69-1f\"><div class=\"kt-block-spacer kt-block-spacer-halign-center\"><hr class=\"kt-divider\"\/><\/div><\/div>\n\n\n\n<div class=\"wp-block-group\"><div class=\"wp-block-group__inner-container is-layout-constrained wp-block-group-is-layout-constrained\">\n<div class=\"wp-block-group\"><div class=\"wp-block-group__inner-container is-layout-constrained wp-block-group-is-layout-constrained\">\n<h3 class=\"wp-block-heading\"><strong><strong>Processo di Assicurazione della Qualit\u00e0 della Ricerca e Terza Missione<\/strong><\/strong><\/h3>\n\n\n\n<p class=\"has-grey-dark-color has-text-color has-link-color wp-elements-11458d63cb76dcbaf7fae78d280c4f26\">Humanitas University promuove una ricerca di <strong>qualit\u00e0<\/strong>, riconosciuta a livello nazionale e internazionale nel campo delle Life Sciences. In particolare, l\u2019Ateneo:<\/p>\n\n\n\n<ul class=\"wp-block-list\">\n<li class=\"has-grey-dark-color has-text-color has-link-color wp-elements-b026909bf5a01cc843f89836115922b1\">Garantisce condizioni <strong>adeguate<\/strong> allo svolgimento dell\u2019attivit\u00e0 scientifica e promuove la <strong>partecipazione<\/strong> a bandi competitivi;<\/li>\n\n\n\n<li class=\"has-grey-dark-color has-text-color has-link-color wp-elements-8bc63ba15390d26b2b7fc1e0694c2dbd\">Sostiene approcci <strong>multidisciplinari<\/strong> e la condivisione di metodi scientifici, in linea con i principi dell\u2019Open Science;<\/li>\n\n\n\n<li class=\"has-grey-dark-color has-text-color has-link-color wp-elements-8088ce07ac7b703ef66a55e0261c2a10\">Incentiva il reclutamento di <strong>ricercatori<\/strong> e docenti italiani e internazionali vincitori di Grant competitivi, anche tramite chiamata diretta e risorse dedicate;<\/li>\n<\/ul>\n\n\n\n<p class=\"has-grey-dark-color has-text-color has-link-color wp-elements-c3c4b69eb50d735e2b4f8c6917527ec9\">Offre <strong>formazione<\/strong> specifica per la valorizzazione della propriet\u00e0 intellettuale, a supporto di docenti e ricercatori.<\/p>\n<\/div><\/div>\n<\/div><\/div>\n","protected":false},"excerpt":{"rendered":"<p>Politiche per la Qualit\u00e0 Humanitas University adotta un sistema di Assicurazione della Qualit\u00e0 (AQ) orientato al miglioramento continuo, alla valorizzazione delle potenzialit\u00e0 e alla gestione delle criticit\u00e0, che garantisce buone pratiche di pianificazione, attuazione, monitoraggio e riesame delle attivit\u00e0 formative, di Ricerca e di Terza Missione. Le politiche di AQ definiscono obiettivi, azioni di miglioramento, [&hellip;]<\/p>\n","protected":false},"author":14,"featured_media":0,"parent":28942,"menu_order":0,"comment_status":"closed","ping_status":"closed","template":"","meta":{"_acf_changed":false,"_kad_blocks_custom_css":"","_kad_blocks_head_custom_js":"","_kad_blocks_body_custom_js":"","_kad_blocks_footer_custom_js":"","footnotes":""},"class_list":["post-28961","page","type-page","status-publish","hentry"],"acf":[],"yoast_head":"<!-- This site is optimized with the Yoast SEO plugin v27.2 - https:\/\/yoast.com\/product\/yoast-seo-wordpress\/ -->\n<title>Politiche per la Qualit\u00e0 - Hunimed<\/title>\n<meta name=\"description\" content=\"Humanitas University adotta un sistema di Assicurazione della Qualit\u00e0 (AQ) orientato al miglioramento continuo, alla valorizzazione delle potenzialit\u00e0 e alla gestione delle criticit\u00e0.\" \/>\n<meta name=\"robots\" content=\"index, follow, max-snippet:-1, max-image-preview:large, max-video-preview:-1\" \/>\n<link rel=\"canonical\" href=\"https:\/\/www.hunimed.eu\/it\/qualita\/politiche-qualita\/\" \/>\n<meta property=\"og:locale\" content=\"it_IT\" \/>\n<meta property=\"og:type\" content=\"article\" \/>\n<meta property=\"og:title\" content=\"Politiche per la Qualit\u00e0 - Hunimed\" \/>\n<meta property=\"og:description\" content=\"Humanitas University adotta un sistema di Assicurazione della Qualit\u00e0 (AQ) orientato al miglioramento continuo, alla valorizzazione delle potenzialit\u00e0 e alla gestione delle criticit\u00e0.\" \/>\n<meta property=\"og:url\" content=\"https:\/\/www.hunimed.eu\/it\/qualita\/politiche-qualita\/\" \/>\n<meta property=\"og:site_name\" content=\"Hunimed\" \/>\n<meta property=\"article:publisher\" content=\"https:\/\/www.facebook.com\/Hunimed\/\" \/>\n<meta property=\"article:modified_time\" content=\"2025-10-13T15:43:21+00:00\" \/>\n<meta name=\"twitter:card\" content=\"summary_large_image\" \/>\n<meta name=\"twitter:label1\" content=\"Tempo di lettura stimato\" \/>\n\t<meta name=\"twitter:data1\" content=\"2 minuti\" \/>\n<script type=\"application\/ld+json\" class=\"yoast-schema-graph\">{\"@context\":\"https:\/\/schema.org\",\"@graph\":[{\"@type\":\"WebPage\",\"@id\":\"https:\/\/www.hunimed.eu\/it\/qualita\/politiche-qualita\/\",\"url\":\"https:\/\/www.hunimed.eu\/it\/qualita\/politiche-qualita\/\",\"name\":\"Politiche per la Qualit\u00e0 - Hunimed\",\"isPartOf\":{\"@id\":\"https:\/\/www.hunimed.eu\/#website\"},\"datePublished\":\"2025-09-30T10:43:58+00:00\",\"dateModified\":\"2025-10-13T15:43:21+00:00\",\"description\":\"Humanitas University adotta un sistema di Assicurazione della Qualit\u00e0 (AQ) orientato al miglioramento continuo, alla valorizzazione delle potenzialit\u00e0 e alla gestione delle criticit\u00e0.\",\"breadcrumb\":{\"@id\":\"https:\/\/www.hunimed.eu\/it\/qualita\/politiche-qualita\/#breadcrumb\"},\"inLanguage\":\"it-IT\",\"potentialAction\":[{\"@type\":\"ReadAction\",\"target\":[\"https:\/\/www.hunimed.eu\/it\/qualita\/politiche-qualita\/\"]}]},{\"@type\":\"BreadcrumbList\",\"@id\":\"https:\/\/www.hunimed.eu\/it\/qualita\/politiche-qualita\/#breadcrumb\",\"itemListElement\":[{\"@type\":\"ListItem\",\"position\":1,\"name\":\"Home\",\"item\":\"https:\/\/www.hunimed.eu\/it\/\"},{\"@type\":\"ListItem\",\"position\":2,\"name\":\"Qualit\u00e0\",\"item\":\"https:\/\/www.hunimed.eu\/it\/qualita\/\"},{\"@type\":\"ListItem\",\"position\":3,\"name\":\"Politiche per la Qualit\u00e0\"}]},{\"@type\":\"WebSite\",\"@id\":\"https:\/\/www.hunimed.eu\/#website\",\"url\":\"https:\/\/www.hunimed.eu\/\",\"name\":\"Hunimed\",\"description\":\"Humanitas University\",\"publisher\":{\"@id\":\"https:\/\/www.hunimed.eu\/#organization\"},\"potentialAction\":[{\"@type\":\"SearchAction\",\"target\":{\"@type\":\"EntryPoint\",\"urlTemplate\":\"https:\/\/www.hunimed.eu\/?s={search_term_string}\"},\"query-input\":{\"@type\":\"PropertyValueSpecification\",\"valueRequired\":true,\"valueName\":\"search_term_string\"}}],\"inLanguage\":\"it-IT\"},{\"@type\":\"Organization\",\"@id\":\"https:\/\/www.hunimed.eu\/#organization\",\"name\":\"Humanitas University\",\"url\":\"https:\/\/www.hunimed.eu\/\",\"logo\":{\"@type\":\"ImageObject\",\"inLanguage\":\"it-IT\",\"@id\":\"https:\/\/www.hunimed.eu\/#\/schema\/logo\/image\/\",\"url\":\"https:\/\/www.hunimed.eu\/wp-content\/uploads\/2025\/06\/Logo.svg?wsr\",\"contentUrl\":\"https:\/\/www.hunimed.eu\/wp-content\/uploads\/2025\/06\/Logo.svg?wsr\",\"caption\":\"Humanitas University\"},\"image\":{\"@id\":\"https:\/\/www.hunimed.eu\/#\/schema\/logo\/image\/\"},\"sameAs\":[\"https:\/\/www.facebook.com\/Hunimed\/\",\"https:\/\/www.linkedin.com\/school\/18280267\/admin\/\"]}]}<\/script>\n<!-- \/ Yoast SEO plugin. -->","yoast_head_json":{"title":"Politiche per la Qualit\u00e0 - Hunimed","description":"Humanitas University adotta un sistema di Assicurazione della Qualit\u00e0 (AQ) orientato al miglioramento continuo, alla valorizzazione delle potenzialit\u00e0 e alla gestione delle criticit\u00e0.","robots":{"index":"index","follow":"follow","max-snippet":"max-snippet:-1","max-image-preview":"max-image-preview:large","max-video-preview":"max-video-preview:-1"},"canonical":"https:\/\/www.hunimed.eu\/it\/qualita\/politiche-qualita\/","og_locale":"it_IT","og_type":"article","og_title":"Politiche per la Qualit\u00e0 - Hunimed","og_description":"Humanitas University adotta un sistema di Assicurazione della Qualit\u00e0 (AQ) orientato al miglioramento continuo, alla valorizzazione delle potenzialit\u00e0 e alla gestione delle criticit\u00e0.","og_url":"https:\/\/www.hunimed.eu\/it\/qualita\/politiche-qualita\/","og_site_name":"Hunimed","article_publisher":"https:\/\/www.facebook.com\/Hunimed\/","article_modified_time":"2025-10-13T15:43:21+00:00","twitter_card":"summary_large_image","twitter_misc":{"Tempo di lettura stimato":"2 minuti"},"schema":{"@context":"https:\/\/schema.org","@graph":[{"@type":"WebPage","@id":"https:\/\/www.hunimed.eu\/it\/qualita\/politiche-qualita\/","url":"https:\/\/www.hunimed.eu\/it\/qualita\/politiche-qualita\/","name":"Politiche per la Qualit\u00e0 - Hunimed","isPartOf":{"@id":"https:\/\/www.hunimed.eu\/#website"},"datePublished":"2025-09-30T10:43:58+00:00","dateModified":"2025-10-13T15:43:21+00:00","description":"Humanitas University adotta un sistema di Assicurazione della Qualit\u00e0 (AQ) orientato al miglioramento continuo, alla valorizzazione delle potenzialit\u00e0 e alla gestione delle criticit\u00e0.","breadcrumb":{"@id":"https:\/\/www.hunimed.eu\/it\/qualita\/politiche-qualita\/#breadcrumb"},"inLanguage":"it-IT","potentialAction":[{"@type":"ReadAction","target":["https:\/\/www.hunimed.eu\/it\/qualita\/politiche-qualita\/"]}]},{"@type":"BreadcrumbList","@id":"https:\/\/www.hunimed.eu\/it\/qualita\/politiche-qualita\/#breadcrumb","itemListElement":[{"@type":"ListItem","position":1,"name":"Home","item":"https:\/\/www.hunimed.eu\/it\/"},{"@type":"ListItem","position":2,"name":"Qualit\u00e0","item":"https:\/\/www.hunimed.eu\/it\/qualita\/"},{"@type":"ListItem","position":3,"name":"Politiche per la Qualit\u00e0"}]},{"@type":"WebSite","@id":"https:\/\/www.hunimed.eu\/#website","url":"https:\/\/www.hunimed.eu\/","name":"Hunimed","description":"Humanitas University","publisher":{"@id":"https:\/\/www.hunimed.eu\/#organization"},"potentialAction":[{"@type":"SearchAction","target":{"@type":"EntryPoint","urlTemplate":"https:\/\/www.hunimed.eu\/?s={search_term_string}"},"query-input":{"@type":"PropertyValueSpecification","valueRequired":true,"valueName":"search_term_string"}}],"inLanguage":"it-IT"},{"@type":"Organization","@id":"https:\/\/www.hunimed.eu\/#organization","name":"Humanitas University","url":"https:\/\/www.hunimed.eu\/","logo":{"@type":"ImageObject","inLanguage":"it-IT","@id":"https:\/\/www.hunimed.eu\/#\/schema\/logo\/image\/","url":"https:\/\/www.hunimed.eu\/wp-content\/uploads\/2025\/06\/Logo.svg?wsr","contentUrl":"https:\/\/www.hunimed.eu\/wp-content\/uploads\/2025\/06\/Logo.svg?wsr","caption":"Humanitas University"},"image":{"@id":"https:\/\/www.hunimed.eu\/#\/schema\/logo\/image\/"},"sameAs":["https:\/\/www.facebook.com\/Hunimed\/","https:\/\/www.linkedin.com\/school\/18280267\/admin\/"]}]}},"taxonomy_info":[],"featured_image_src_large":false,"author_info":{"display_name":"cfrattini","author_link":"https:\/\/www.hunimed.eu\/it\/news\/author\/cfrattini\/"},"comment_info":"","_links":{"self":[{"href":"https:\/\/www.hunimed.eu\/it\/wp-json\/wp\/v2\/pages\/28961","targetHints":{"allow":["GET"]}}],"collection":[{"href":"https:\/\/www.hunimed.eu\/it\/wp-json\/wp\/v2\/pages"}],"about":[{"href":"https:\/\/www.hunimed.eu\/it\/wp-json\/wp\/v2\/types\/page"}],"author":[{"embeddable":true,"href":"https:\/\/www.hunimed.eu\/it\/wp-json\/wp\/v2\/users\/14"}],"replies":[{"embeddable":true,"href":"https:\/\/www.hunimed.eu\/it\/wp-json\/wp\/v2\/comments?post=28961"}],"version-history":[{"count":12,"href":"https:\/\/www.hunimed.eu\/it\/wp-json\/wp\/v2\/pages\/28961\/revisions"}],"predecessor-version":[{"id":32239,"href":"https:\/\/www.hunimed.eu\/it\/wp-json\/wp\/v2\/pages\/28961\/revisions\/32239"}],"up":[{"embeddable":true,"href":"https:\/\/www.hunimed.eu\/it\/wp-json\/wp\/v2\/pages\/28942"}],"wp:attachment":[{"href":"https:\/\/www.hunimed.eu\/it\/wp-json\/wp\/v2\/media?parent=28961"}],"curies":[{"name":"wp","href":"https:\/\/api.w.org\/{rel}","templated":true}]}}