{"id":23189,"date":"2019-11-21T13:14:15","date_gmt":"2019-11-21T13:14:15","guid":{"rendered":"http:\/\/hunimed-new.local\/simulation-center\/the-cube-2\/"},"modified":"2025-10-13T14:03:15","modified_gmt":"2025-10-13T14:03:15","slug":"the-cube","status":"publish","type":"page","link":"https:\/\/www.hunimed.eu\/it\/simulation-center\/the-cube\/","title":{"rendered":"The CUBE"},"content":{"rendered":"<style>.kadence-column23189_1d8660-fa > .kt-inside-inner-col{padding-bottom:32px;}.kadence-column23189_1d8660-fa > .kt-inside-inner-col,.kadence-column23189_1d8660-fa > .kt-inside-inner-col:before{border-top-left-radius:0px;border-top-right-radius:0px;border-bottom-right-radius:0px;border-bottom-left-radius:0px;}.kadence-column23189_1d8660-fa > .kt-inside-inner-col{column-gap:var(--global-kb-gap-sm, 1rem);}.kadence-column23189_1d8660-fa > .kt-inside-inner-col{flex-direction:column;}.kadence-column23189_1d8660-fa > .kt-inside-inner-col > .aligncenter{width:100%;}.kadence-column23189_1d8660-fa > .kt-inside-inner-col:before{opacity:0.3;}.kadence-column23189_1d8660-fa{position:relative;}@media all and (max-width: 1024px){.kadence-column23189_1d8660-fa > .kt-inside-inner-col{flex-direction:column;justify-content:center;}}@media all and (max-width: 767px){.kadence-column23189_1d8660-fa > .kt-inside-inner-col{flex-direction:column;justify-content:center;}}<\/style>\n<div class=\"wp-block-kadence-column kadence-column23189_1d8660-fa\"><div class=\"kt-inside-inner-col\"><style>.kb-row-layout-id23189_67b906-7a > .kt-row-column-wrap{align-content:end;}:where(.kb-row-layout-id23189_67b906-7a > .kt-row-column-wrap) > .wp-block-kadence-column{justify-content:end;}.kb-row-layout-id23189_67b906-7a > .kt-row-column-wrap{column-gap:var(--global-kb-gap-md, 2rem);row-gap:var(--global-kb-gap-md, 2rem);padding-top:var(--global-kb-spacing-sm, 1.5rem);padding-bottom:var(--global-kb-spacing-sm, 1.5rem);min-height:400px;grid-template-columns:minmax(0, 1fr);}.kb-row-layout-id23189_67b906-7a{background-image:url('https:\/\/www.hunimed.eu\/wp-content\/uploads\/2025\/10\/PSX_20171016_141535-01.jpeg');background-size:cover;background-position:50% 81%;background-attachment:scroll;background-repeat:no-repeat;}.kb-row-layout-id23189_67b906-7a > .kt-row-layout-overlay{opacity:1;background:linear-gradient(180deg,rgba(255,255,255,0) 40%,rgb(255,255,255) 100%);}@media all and (max-width: 1024px){.kb-row-layout-id23189_67b906-7a > .kt-row-column-wrap{grid-template-columns:minmax(0, 1fr);}}@media all and (max-width: 767px){.kb-row-layout-id23189_67b906-7a > .kt-row-column-wrap{min-height:380px;grid-template-columns:minmax(0, 1fr);}}<\/style><div class=\"kb-row-layout-wrap kb-row-layout-id23189_67b906-7a alignfull kt-row-has-bg wp-block-kadence-rowlayout\"><div class=\"kt-row-layout-overlay kt-row-overlay-gradient\"><\/div><div class=\"kt-row-column-wrap kt-has-1-columns kt-row-layout-equal kt-tab-layout-inherit kt-mobile-layout-row kt-row-valign-bottom\">\n<style>.kadence-column23189_f42e14-31 > .kt-inside-inner-col{display:flex;}.kadence-column23189_f42e14-31 > .kt-inside-inner-col,.kadence-column23189_f42e14-31 > .kt-inside-inner-col:before{border-top-left-radius:0px;border-top-right-radius:0px;border-bottom-right-radius:0px;border-bottom-left-radius:0px;}.kadence-column23189_f42e14-31 > .kt-inside-inner-col{column-gap:var(--global-kb-gap-sm, 1rem);}.kadence-column23189_f42e14-31 > .kt-inside-inner-col{flex-direction:column;justify-content:flex-start;}.kadence-column23189_f42e14-31 > .kt-inside-inner-col > .aligncenter{width:100%;}.kt-row-column-wrap > .kadence-column23189_f42e14-31{align-self:flex-start;}.kt-inner-column-height-full:not(.kt-has-1-columns) > .wp-block-kadence-column.kadence-column23189_f42e14-31{align-self:auto;}.kt-inner-column-height-full:not(.kt-has-1-columns) > .wp-block-kadence-column.kadence-column23189_f42e14-31 > .kt-inside-inner-col{flex-direction:column;justify-content:flex-start;}.kadence-column23189_f42e14-31 > .kt-inside-inner-col:before{opacity:0.3;}.kadence-column23189_f42e14-31{position:relative;}@media all and (max-width: 1024px){.kt-row-column-wrap > .kadence-column23189_f42e14-31{align-self:flex-start;}}@media all and (max-width: 1024px){.kt-inner-column-height-full:not(.kt-has-1-columns) > .wp-block-kadence-column.kadence-column23189_f42e14-31{align-self:auto;}}@media all and (max-width: 1024px){.kt-inner-column-height-full:not(.kt-has-1-columns) > .wp-block-kadence-column.kadence-column23189_f42e14-31 > .kt-inside-inner-col{flex-direction:column;justify-content:flex-start;}}@media all and (max-width: 1024px){.kadence-column23189_f42e14-31 > .kt-inside-inner-col{flex-direction:column;justify-content:flex-start;}}@media all and (max-width: 767px){.kt-row-column-wrap > .kadence-column23189_f42e14-31{align-self:flex-start;}.kt-inner-column-height-full:not(.kt-has-1-columns) > .wp-block-kadence-column.kadence-column23189_f42e14-31{align-self:auto;}.kt-inner-column-height-full:not(.kt-has-1-columns) > .wp-block-kadence-column.kadence-column23189_f42e14-31 > .kt-inside-inner-col{flex-direction:column;justify-content:flex-start;}.kadence-column23189_f42e14-31 > .kt-inside-inner-col{flex-direction:column;justify-content:flex-start;}}<\/style>\n<div class=\"wp-block-kadence-column kadence-column23189_f42e14-31\"><div class=\"kt-inside-inner-col\"><\/div><\/div>\n\n<\/div><\/div>\n\n<style>.kb-row-layout-wrap.wp-block-kadence-rowlayout.kb-row-layout-id23189_b71446-3e{margin-top:-32px;margin-bottom:60px;}.kb-row-layout-id23189_b71446-3e > .kt-row-column-wrap{align-content:start;}:where(.kb-row-layout-id23189_b71446-3e > .kt-row-column-wrap) > .wp-block-kadence-column{justify-content:start;}.kb-row-layout-id23189_b71446-3e > .kt-row-column-wrap{column-gap:var(--global-kb-gap-md, 2rem);row-gap:var(--global-kb-gap-md, 2rem);grid-template-columns:minmax(0, 1fr);}.kb-row-layout-id23189_b71446-3e > .kt-row-layout-overlay{opacity:0.30;}@media all and (max-width: 1024px){.kb-row-layout-id23189_b71446-3e > .kt-row-column-wrap{grid-template-columns:minmax(0, 1fr);}}@media all and (max-width: 767px){.kb-row-layout-wrap.wp-block-kadence-rowlayout.kb-row-layout-id23189_b71446-3e{margin-bottom:var(--global-kb-spacing-md, 2rem);}.kb-row-layout-id23189_b71446-3e > .kt-row-column-wrap{grid-template-columns:minmax(0, 1fr);}}<\/style><div class=\"kb-row-layout-wrap kb-row-layout-id23189_b71446-3e alignnone wp-block-kadence-rowlayout\"><div class=\"kt-row-column-wrap kt-has-1-columns kt-row-layout-equal kt-tab-layout-inherit kt-mobile-layout-row kt-row-valign-top\">\n<style>.kadence-column23189_ec2e29-89 > .kt-inside-inner-col,.kadence-column23189_ec2e29-89 > .kt-inside-inner-col:before{border-top-left-radius:0px;border-top-right-radius:0px;border-bottom-right-radius:0px;border-bottom-left-radius:0px;}.kadence-column23189_ec2e29-89 > .kt-inside-inner-col{column-gap:var(--global-kb-gap-sm, 1rem);}.kadence-column23189_ec2e29-89 > .kt-inside-inner-col{flex-direction:column;}.kadence-column23189_ec2e29-89 > .kt-inside-inner-col > .aligncenter{width:100%;}.kadence-column23189_ec2e29-89 > .kt-inside-inner-col:before{opacity:0.3;}.kadence-column23189_ec2e29-89{position:relative;}@media all and (max-width: 1024px){.kadence-column23189_ec2e29-89 > .kt-inside-inner-col{flex-direction:column;justify-content:center;}}@media all and (max-width: 767px){.kadence-column23189_ec2e29-89 > .kt-inside-inner-col{flex-direction:column;justify-content:center;}}<\/style>\n<div class=\"wp-block-kadence-column kadence-column23189_ec2e29-89\"><div class=\"kt-inside-inner-col\"><style>.wp-block-kadence-advancedheading.kt-adv-heading23189_359216-56, .wp-block-kadence-advancedheading.kt-adv-heading23189_359216-56[data-kb-block=\"kb-adv-heading23189_359216-56\"]{margin-bottom:0px;font-style:normal;}.wp-block-kadence-advancedheading.kt-adv-heading23189_359216-56 mark.kt-highlight, .wp-block-kadence-advancedheading.kt-adv-heading23189_359216-56[data-kb-block=\"kb-adv-heading23189_359216-56\"] mark.kt-highlight{font-style:normal;background-image:linear-gradient(90deg,rgb(0,121,83) 0%,rgb(0,223,153) 84%);-webkit-background-clip:text;background-clip:text;-webkit-text-fill-color:transparent;-webkit-box-decoration-break:clone;box-decoration-break:clone;padding-top:0px;padding-right:0px;padding-bottom:0px;padding-left:0px;}.wp-block-kadence-advancedheading.kt-adv-heading23189_359216-56 img.kb-inline-image, .wp-block-kadence-advancedheading.kt-adv-heading23189_359216-56[data-kb-block=\"kb-adv-heading23189_359216-56\"] img.kb-inline-image{width:150px;vertical-align:baseline;}@media all and (max-width: 767px){.wp-block-kadence-advancedheading.kt-adv-heading23189_359216-56, .wp-block-kadence-advancedheading.kt-adv-heading23189_359216-56[data-kb-block=\"kb-adv-heading23189_359216-56\"]{font-size:var(--global-kb-font-size-lg, 2rem);}}<\/style>\n<h1 class=\"kt-adv-heading23189_359216-56 wp-block-kadence-advancedheading has-black-color has-text-color\" data-kb-block=\"kb-adv-heading23189_359216-56\">L&#8217;Humanitas Cube \u00e8 una struttura di <br><mark true=\"true\" class=\"kt-highlight\">formazione aperta 24 ore su 24, 7 giorni su 7<\/mark><\/h1>\n<\/div><\/div>\n\n<\/div><\/div>\n\n<style>.kb-row-layout-wrap.wp-block-kadence-rowlayout.kb-row-layout-id23189_64cf52-47{margin-top:0px;margin-bottom:60px;}.kb-row-layout-id23189_64cf52-47 > .kt-row-column-wrap{align-content:start;}:where(.kb-row-layout-id23189_64cf52-47 > .kt-row-column-wrap) > .wp-block-kadence-column{justify-content:start;}.kb-row-layout-id23189_64cf52-47 > .kt-row-column-wrap{column-gap:var(--global-kb-gap-md, 2rem);row-gap:var(--global-kb-gap-md, 2rem);grid-template-columns:minmax(0, 1fr);}.kb-row-layout-id23189_64cf52-47 > .kt-row-layout-overlay{opacity:0.30;}@media all and (max-width: 1024px){.kb-row-layout-id23189_64cf52-47 > .kt-row-column-wrap{grid-template-columns:minmax(0, 1fr);}}@media all and (max-width: 767px){.kb-row-layout-id23189_64cf52-47 > .kt-row-column-wrap{grid-template-columns:minmax(0, 1fr);}}<\/style><div class=\"kb-row-layout-wrap kb-row-layout-id23189_64cf52-47 alignnone wp-block-kadence-rowlayout\"><div class=\"kt-row-column-wrap kt-has-1-columns kt-row-layout-equal kt-tab-layout-inherit kt-mobile-layout-row kt-row-valign-top\">\n<style>.kadence-column23189_19337d-df > .kt-inside-inner-col,.kadence-column23189_19337d-df > .kt-inside-inner-col:before{border-top-left-radius:0px;border-top-right-radius:0px;border-bottom-right-radius:0px;border-bottom-left-radius:0px;}.kadence-column23189_19337d-df > .kt-inside-inner-col{column-gap:var(--global-kb-gap-sm, 1rem);}.kadence-column23189_19337d-df > .kt-inside-inner-col{flex-direction:column;}.kadence-column23189_19337d-df > .kt-inside-inner-col > .aligncenter{width:100%;}.kadence-column23189_19337d-df > .kt-inside-inner-col:before{opacity:0.3;}.kadence-column23189_19337d-df{position:relative;}@media all and (max-width: 1024px){.kadence-column23189_19337d-df > .kt-inside-inner-col{flex-direction:column;justify-content:center;}}@media all and (max-width: 767px){.kadence-column23189_19337d-df > .kt-inside-inner-col{padding-right:0px;padding-left:0px;flex-direction:column;justify-content:center;}}<\/style>\n<div class=\"wp-block-kadence-column kadence-column23189_19337d-df\"><div class=\"kt-inside-inner-col\">\n<p class=\"clear-margin has-grey-dark-color has-text-color has-link-color has-m-font-size wp-elements-17a8baf8f1d81095953ead22d17440fb\">Inaugurato nel 2019, il CUBE offre agli operatori sanitari l\u2019opportunit\u00e0 di formare e migliorare le loro competenze ogni volta che il loro fitto calendario lo consente.<\/p>\n<\/div><\/div>\n\n<\/div><\/div>\n\n\n<div class=\"wp-block-buttons is-layout-flex wp-block-buttons-is-layout-flex\">\n<div class=\"wp-block-button is-style-default-button is-style-outline is-style-outline--1\"><a class=\"wp-block-button__link wp-element-button\" href=\"https:\/\/www.humanitasedu.it\/\" target=\"_blank\" rel=\"noreferrer noopener\">Scopri i corsi<\/a><\/div>\n<\/div>\n<\/div><\/div>\n\n\n\n<div class=\"wp-block-group is-style-s-section-padding\"><div class=\"wp-block-group__inner-container is-layout-constrained wp-block-group-is-layout-constrained\">\n<hr class=\"wp-block-separator has-alpha-channel-opacity is-style-thin\"\/>\n<\/div><\/div>\n\n\n\n<div class=\"wp-block-group is-style-default\"><div class=\"wp-block-group__inner-container is-layout-constrained wp-block-group-is-layout-constrained\">\n<div class=\"wp-block-group\"><div class=\"wp-block-group__inner-container is-layout-constrained wp-block-group-is-layout-constrained\">\n<p class=\"has-grey-dark-color has-text-color has-link-color has-sm-font-size wp-elements-71ce3e4d7dc5cad066b37c8190c60a99\">Il CUBE \u00e8 dotato delle attrezzature formative pi\u00f9 avanzate:<\/p>\n\n\n\n<blockquote class=\"wp-block-quote is-layout-flow wp-block-quote-is-layout-flow\">\n<p class=\"has-grey-dark-color has-text-color has-link-color has-sm-font-size wp-elements-07bf13d9436e991bc18907f138247664\">Simulatori artroscopici in realt\u00e0 virtuale e box di formazione in laparoscopia<br>Ecografia addominale e toracica, accesso venoso ecoguidato<br>Simulatori per la gestione delle vie aeree e delle emergenze<br>Postazioni di sutura e di abilit\u00e0 chirurgiche<\/p>\n\n\n\n<p class=\"has-grey-dark-color has-text-color has-link-color has-sm-font-size wp-elements-17710713f00fa5548aaaedf7ad4d4c70\"><\/p>\n\n\n\n<p class=\"has-grey-dark-color has-text-color has-link-color has-sm-font-size wp-elements-17710713f00fa5548aaaedf7ad4d4c70\"><\/p>\n<\/blockquote>\n\n\n\n<p class=\"has-grey-dark-color has-text-color has-link-color has-sm-font-size wp-elements-d7f7f96bbe6a31b716e512a3a03cfb8d\">La moderna struttura, completamente attrezzata, \u00e8 adatta anche a numerose altre attivit\u00e0, tra cui laboratori di innovazione e miglioramento della qualit\u00e0, test MEDTEC e progetti di ricerca e sviluppo.<\/p>\n\n\n\n<div style=\"height:32px\" aria-hidden=\"true\" class=\"wp-block-spacer\"><\/div>\n<\/div><\/div>\n<\/div><\/div>\n","protected":false},"excerpt":{"rendered":"<p>L&#8217;Humanitas Cube \u00e8 una struttura di formazione aperta 24 ore su 24, 7 giorni su 7 Inaugurato nel 2019, il CUBE offre agli operatori sanitari l\u2019opportunit\u00e0 di formare e migliorare le loro competenze ogni volta che il loro fitto calendario lo consente. Il CUBE \u00e8 dotato delle attrezzature formative pi\u00f9 avanzate: Simulatori artroscopici in realt\u00e0 [&hellip;]<\/p>\n","protected":false},"author":2,"featured_media":23044,"parent":21660,"menu_order":0,"comment_status":"open","ping_status":"open","template":"","meta":{"_acf_changed":false,"_kad_blocks_custom_css":"","_kad_blocks_head_custom_js":"","_kad_blocks_body_custom_js":"","_kad_blocks_footer_custom_js":"","footnotes":""},"class_list":["post-23189","page","type-page","status-publish","has-post-thumbnail","hentry"],"acf":[],"yoast_head":"<!-- This site is optimized with the Yoast SEO plugin v27.2 - https:\/\/yoast.com\/product\/yoast-seo-wordpress\/ -->\n<title>The CUBE - Hunimed<\/title>\n<meta name=\"robots\" content=\"index, follow, max-snippet:-1, max-image-preview:large, max-video-preview:-1\" \/>\n<link rel=\"canonical\" href=\"https:\/\/www.hunimed.eu\/it\/simulation-center\/the-cube\/\" \/>\n<meta property=\"og:locale\" content=\"it_IT\" \/>\n<meta property=\"og:type\" content=\"article\" \/>\n<meta property=\"og:title\" content=\"The CUBE - Hunimed\" \/>\n<meta property=\"og:description\" content=\"L&#8217;Humanitas Cube \u00e8 una struttura di formazione aperta 24 ore su 24, 7 giorni su 7 Inaugurato nel 2019, il CUBE offre agli operatori sanitari l\u2019opportunit\u00e0 di formare e migliorare le loro competenze ogni volta che il loro fitto calendario lo consente. Il CUBE \u00e8 dotato delle attrezzature formative pi\u00f9 avanzate: Simulatori artroscopici in realt\u00e0 [&hellip;]\" \/>\n<meta property=\"og:url\" content=\"https:\/\/www.hunimed.eu\/it\/simulation-center\/the-cube\/\" \/>\n<meta property=\"og:site_name\" content=\"Hunimed\" \/>\n<meta property=\"article:publisher\" content=\"https:\/\/www.facebook.com\/Hunimed\/\" \/>\n<meta property=\"article:modified_time\" content=\"2025-10-13T14:03:15+00:00\" \/>\n<meta property=\"og:image\" content=\"https:\/\/www.hunimed.eu\/wp-content\/uploads\/2025\/08\/PSX_20171016_141535-01.jpeg\" \/>\n\t<meta property=\"og:image:width\" content=\"2000\" \/>\n\t<meta property=\"og:image:height\" content=\"1395\" \/>\n\t<meta property=\"og:image:type\" content=\"image\/jpeg\" \/>\n<meta name=\"twitter:card\" content=\"summary_large_image\" \/>\n<meta name=\"twitter:label1\" content=\"Tempo di lettura stimato\" \/>\n\t<meta name=\"twitter:data1\" content=\"1 minuto\" \/>\n<script type=\"application\/ld+json\" class=\"yoast-schema-graph\">{\"@context\":\"https:\/\/schema.org\",\"@graph\":[{\"@type\":\"WebPage\",\"@id\":\"https:\/\/www.hunimed.eu\/it\/simulation-center\/the-cube\/\",\"url\":\"https:\/\/www.hunimed.eu\/it\/simulation-center\/the-cube\/\",\"name\":\"The CUBE - Hunimed\",\"isPartOf\":{\"@id\":\"https:\/\/www.hunimed.eu\/#website\"},\"primaryImageOfPage\":{\"@id\":\"https:\/\/www.hunimed.eu\/it\/simulation-center\/the-cube\/#primaryimage\"},\"image\":{\"@id\":\"https:\/\/www.hunimed.eu\/it\/simulation-center\/the-cube\/#primaryimage\"},\"thumbnailUrl\":\"https:\/\/www.hunimed.eu\/wp-content\/uploads\/2025\/08\/PSX_20171016_141535-01.jpeg?wsr\",\"datePublished\":\"2019-11-21T13:14:15+00:00\",\"dateModified\":\"2025-10-13T14:03:15+00:00\",\"breadcrumb\":{\"@id\":\"https:\/\/www.hunimed.eu\/it\/simulation-center\/the-cube\/#breadcrumb\"},\"inLanguage\":\"it-IT\",\"potentialAction\":[{\"@type\":\"ReadAction\",\"target\":[\"https:\/\/www.hunimed.eu\/it\/simulation-center\/the-cube\/\"]}]},{\"@type\":\"ImageObject\",\"inLanguage\":\"it-IT\",\"@id\":\"https:\/\/www.hunimed.eu\/it\/simulation-center\/the-cube\/#primaryimage\",\"url\":\"https:\/\/www.hunimed.eu\/wp-content\/uploads\/2025\/08\/PSX_20171016_141535-01.jpeg?wsr\",\"contentUrl\":\"https:\/\/www.hunimed.eu\/wp-content\/uploads\/2025\/08\/PSX_20171016_141535-01.jpeg?wsr\",\"width\":2000,\"height\":1395},{\"@type\":\"BreadcrumbList\",\"@id\":\"https:\/\/www.hunimed.eu\/it\/simulation-center\/the-cube\/#breadcrumb\",\"itemListElement\":[{\"@type\":\"ListItem\",\"position\":1,\"name\":\"Home\",\"item\":\"https:\/\/www.hunimed.eu\/it\/\"},{\"@type\":\"ListItem\",\"position\":2,\"name\":\"Simulation Center\",\"item\":\"https:\/\/www.hunimed.eu\/simulation-center\/\"},{\"@type\":\"ListItem\",\"position\":3,\"name\":\"The CUBE\"}]},{\"@type\":\"WebSite\",\"@id\":\"https:\/\/www.hunimed.eu\/#website\",\"url\":\"https:\/\/www.hunimed.eu\/\",\"name\":\"Hunimed\",\"description\":\"Humanitas University\",\"publisher\":{\"@id\":\"https:\/\/www.hunimed.eu\/#organization\"},\"potentialAction\":[{\"@type\":\"SearchAction\",\"target\":{\"@type\":\"EntryPoint\",\"urlTemplate\":\"https:\/\/www.hunimed.eu\/?s={search_term_string}\"},\"query-input\":{\"@type\":\"PropertyValueSpecification\",\"valueRequired\":true,\"valueName\":\"search_term_string\"}}],\"inLanguage\":\"it-IT\"},{\"@type\":\"Organization\",\"@id\":\"https:\/\/www.hunimed.eu\/#organization\",\"name\":\"Humanitas University\",\"url\":\"https:\/\/www.hunimed.eu\/\",\"logo\":{\"@type\":\"ImageObject\",\"inLanguage\":\"it-IT\",\"@id\":\"https:\/\/www.hunimed.eu\/#\/schema\/logo\/image\/\",\"url\":\"https:\/\/www.hunimed.eu\/wp-content\/uploads\/2025\/06\/Logo.svg?wsr\",\"contentUrl\":\"https:\/\/www.hunimed.eu\/wp-content\/uploads\/2025\/06\/Logo.svg?wsr\",\"caption\":\"Humanitas University\"},\"image\":{\"@id\":\"https:\/\/www.hunimed.eu\/#\/schema\/logo\/image\/\"},\"sameAs\":[\"https:\/\/www.facebook.com\/Hunimed\/\",\"https:\/\/www.linkedin.com\/school\/18280267\/admin\/\"]}]}<\/script>\n<!-- \/ Yoast SEO plugin. -->","yoast_head_json":{"title":"The CUBE - Hunimed","robots":{"index":"index","follow":"follow","max-snippet":"max-snippet:-1","max-image-preview":"max-image-preview:large","max-video-preview":"max-video-preview:-1"},"canonical":"https:\/\/www.hunimed.eu\/it\/simulation-center\/the-cube\/","og_locale":"it_IT","og_type":"article","og_title":"The CUBE - Hunimed","og_description":"L&#8217;Humanitas Cube \u00e8 una struttura di formazione aperta 24 ore su 24, 7 giorni su 7 Inaugurato nel 2019, il CUBE offre agli operatori sanitari l\u2019opportunit\u00e0 di formare e migliorare le loro competenze ogni volta che il loro fitto calendario lo consente. Il CUBE \u00e8 dotato delle attrezzature formative pi\u00f9 avanzate: Simulatori artroscopici in realt\u00e0 [&hellip;]","og_url":"https:\/\/www.hunimed.eu\/it\/simulation-center\/the-cube\/","og_site_name":"Hunimed","article_publisher":"https:\/\/www.facebook.com\/Hunimed\/","article_modified_time":"2025-10-13T14:03:15+00:00","og_image":[{"width":2000,"height":1395,"url":"https:\/\/www.hunimed.eu\/wp-content\/uploads\/2025\/08\/PSX_20171016_141535-01.jpeg","type":"image\/jpeg"}],"twitter_card":"summary_large_image","twitter_misc":{"Tempo di lettura stimato":"1 minuto"},"schema":{"@context":"https:\/\/schema.org","@graph":[{"@type":"WebPage","@id":"https:\/\/www.hunimed.eu\/it\/simulation-center\/the-cube\/","url":"https:\/\/www.hunimed.eu\/it\/simulation-center\/the-cube\/","name":"The CUBE - Hunimed","isPartOf":{"@id":"https:\/\/www.hunimed.eu\/#website"},"primaryImageOfPage":{"@id":"https:\/\/www.hunimed.eu\/it\/simulation-center\/the-cube\/#primaryimage"},"image":{"@id":"https:\/\/www.hunimed.eu\/it\/simulation-center\/the-cube\/#primaryimage"},"thumbnailUrl":"https:\/\/www.hunimed.eu\/wp-content\/uploads\/2025\/08\/PSX_20171016_141535-01.jpeg?wsr","datePublished":"2019-11-21T13:14:15+00:00","dateModified":"2025-10-13T14:03:15+00:00","breadcrumb":{"@id":"https:\/\/www.hunimed.eu\/it\/simulation-center\/the-cube\/#breadcrumb"},"inLanguage":"it-IT","potentialAction":[{"@type":"ReadAction","target":["https:\/\/www.hunimed.eu\/it\/simulation-center\/the-cube\/"]}]},{"@type":"ImageObject","inLanguage":"it-IT","@id":"https:\/\/www.hunimed.eu\/it\/simulation-center\/the-cube\/#primaryimage","url":"https:\/\/www.hunimed.eu\/wp-content\/uploads\/2025\/08\/PSX_20171016_141535-01.jpeg?wsr","contentUrl":"https:\/\/www.hunimed.eu\/wp-content\/uploads\/2025\/08\/PSX_20171016_141535-01.jpeg?wsr","width":2000,"height":1395},{"@type":"BreadcrumbList","@id":"https:\/\/www.hunimed.eu\/it\/simulation-center\/the-cube\/#breadcrumb","itemListElement":[{"@type":"ListItem","position":1,"name":"Home","item":"https:\/\/www.hunimed.eu\/it\/"},{"@type":"ListItem","position":2,"name":"Simulation Center","item":"https:\/\/www.hunimed.eu\/simulation-center\/"},{"@type":"ListItem","position":3,"name":"The CUBE"}]},{"@type":"WebSite","@id":"https:\/\/www.hunimed.eu\/#website","url":"https:\/\/www.hunimed.eu\/","name":"Hunimed","description":"Humanitas University","publisher":{"@id":"https:\/\/www.hunimed.eu\/#organization"},"potentialAction":[{"@type":"SearchAction","target":{"@type":"EntryPoint","urlTemplate":"https:\/\/www.hunimed.eu\/?s={search_term_string}"},"query-input":{"@type":"PropertyValueSpecification","valueRequired":true,"valueName":"search_term_string"}}],"inLanguage":"it-IT"},{"@type":"Organization","@id":"https:\/\/www.hunimed.eu\/#organization","name":"Humanitas University","url":"https:\/\/www.hunimed.eu\/","logo":{"@type":"ImageObject","inLanguage":"it-IT","@id":"https:\/\/www.hunimed.eu\/#\/schema\/logo\/image\/","url":"https:\/\/www.hunimed.eu\/wp-content\/uploads\/2025\/06\/Logo.svg?wsr","contentUrl":"https:\/\/www.hunimed.eu\/wp-content\/uploads\/2025\/06\/Logo.svg?wsr","caption":"Humanitas University"},"image":{"@id":"https:\/\/www.hunimed.eu\/#\/schema\/logo\/image\/"},"sameAs":["https:\/\/www.facebook.com\/Hunimed\/","https:\/\/www.linkedin.com\/school\/18280267\/admin\/"]}]}},"taxonomy_info":[],"featured_image_src_large":["https:\/\/www.hunimed.eu\/wp-content\/uploads\/2025\/08\/PSX_20171016_141535-01-1024x714.jpeg?wsr",1024,714,true],"author_info":{"display_name":"Nesho","author_link":"https:\/\/www.hunimed.eu\/it\/news\/author\/nesho\/"},"comment_info":"","_links":{"self":[{"href":"https:\/\/www.hunimed.eu\/it\/wp-json\/wp\/v2\/pages\/23189","targetHints":{"allow":["GET"]}}],"collection":[{"href":"https:\/\/www.hunimed.eu\/it\/wp-json\/wp\/v2\/pages"}],"about":[{"href":"https:\/\/www.hunimed.eu\/it\/wp-json\/wp\/v2\/types\/page"}],"author":[{"embeddable":true,"href":"https:\/\/www.hunimed.eu\/it\/wp-json\/wp\/v2\/users\/2"}],"replies":[{"embeddable":true,"href":"https:\/\/www.hunimed.eu\/it\/wp-json\/wp\/v2\/comments?post=23189"}],"version-history":[{"count":1,"href":"https:\/\/www.hunimed.eu\/it\/wp-json\/wp\/v2\/pages\/23189\/revisions"}],"predecessor-version":[{"id":33024,"href":"https:\/\/www.hunimed.eu\/it\/wp-json\/wp\/v2\/pages\/23189\/revisions\/33024"}],"up":[{"embeddable":true,"href":"https:\/\/www.hunimed.eu\/it\/wp-json\/wp\/v2\/pages\/21660"}],"wp:featuredmedia":[{"embeddable":true,"href":"https:\/\/www.hunimed.eu\/it\/wp-json\/wp\/v2\/media\/23044"}],"wp:attachment":[{"href":"https:\/\/www.hunimed.eu\/it\/wp-json\/wp\/v2\/media?parent=23189"}],"curies":[{"name":"wp","href":"https:\/\/api.w.org\/{rel}","templated":true}]}}